{"id":14775,"date":"2017-06-15T15:14:57","date_gmt":"2017-06-15T13:14:57","guid":{"rendered":"http:\/\/www.primopianogallery.com\/?page_id=14775"},"modified":"2021-11-07T11:56:19","modified_gmt":"2021-11-07T10:56:19","slug":"artisti-2","status":"publish","type":"page","link":"https:\/\/www.primopianogallery.com\/en\/artisti-2\/","title":{"rendered":"ARTISTS"},"content":{"rendered":"<p>Primo Piano LivinGallery, collaborates and exhibits the works by national and international artistsPrimo Piano LivinGallery, collaborates and exhibits the works by national and international artists<\/p>\n<div class=\"template-page content nine alpha units\">\n<div class=\"post-entry post-entry-type-page post-entry-16140\">\n<p>&nbsp;<\/p>\n<div class=\"nine alpha alpha units entry-content\">\n<p><span class=\"tlid-translation translation\"><span title=\"\">&nbsp;<\/span><\/span><\/p>\n<ul>\n<li><span class=\"tlid-translation translation\"><strong>Artisti Latino Americani <\/strong><\/span><span class=\"tlid-translation translation\"><em><a href=\"https:\/\/www.primopianogallery.com\/en\/provenienza-artisti-origine-italia-europa-asia-america\/america-latina\/funes-astolfo\/\">&nbsp;Astolfo Funes<\/a>, <a href=\"https:\/\/www.primopianogallery.com\/en\/provenienza-artisti-origine-italia-europa-asia-america\/america-latina\/anzola-carlos\/\">Carlos Anzola<\/a>, <a href=\"https:\/\/www.primopianogallery.com\/en\/provenienza-artisti-origine-italia-europa-asia-america\/america-latina\/riera-alberto\/\">Alberto Riera<\/a>,&nbsp; <a href=\"https:\/\/www.primopianogallery.com\/en\/shop\/shop-online\/offerte\/genesis-de-la-materia-2\/\">Jos\u00e8 Coronel Ortega<\/a>,&nbsp; <a href=\"https:\/\/www.primopianogallery.com\/en\/shop\/medium\/fotografia-2\/dolores-esteve-argentina\/\">Dolores Esteve<\/a>, <a href=\"https:\/\/www.primopianogallery.com\/en\/shop\/shop-online\/offerte\/bela-limenes-mexico\/\">Bela Limenez<\/a>, <a href=\"https:\/\/www.primopianogallery.com\/en\/shop\/shop-online\/offerte\/cuathemoc-rodriguez-mexico\/\">Cuatemoc Rodriguez<\/a>, <a href=\"https:\/\/www.primopianogallery.com\/en\/shop\/medium\/installazioni-2\/rodrigo-mafra-brasile\/\">Rodrigo Mafra,<\/a> <a href=\"https:\/\/www.primopianogallery.com\/en\/shop\/medium\/fotografia-digitale-2\/felipe-garcia-mexico\/\">Felipe Garcia<\/a>, <a href=\"https:\/\/www.primopianogallery.com\/en\/shop\/shop-online\/offerte\/javier-franco-vazquez-mexico-2\/\">J.Franco Vazquez<\/a>, <a href=\"https:\/\/www.primopianogallery.com\/en\/shop\/origin\/artisti-latino-americani\/teresa-olabuenaga\/\">Teresa Olabuenaga<\/a>, <a href=\"https:\/\/www.primopianogallery.com\/en\/shop\/shop-online\/offerte\/amor-vincit-omnia-01-e-02\/\">Ricardo Villagran<\/a>,&nbsp; <a href=\"https:\/\/www.primopianogallery.com\/?s=gallo&amp;post_type=product\">Marisa Gallo<\/a>, <a href=\"https:\/\/www.primopianogallery.com\/en\/shop\/medium\/pittura-2\/gonzales-katiuska\/\">Katiuska Gonzales<\/a><\/em> ,<br \/>\n<\/span><\/li>\n<li><span class=\"tlid-translation translation\"><strong>Artisti Italiani \u2013<\/strong> <em><a href=\"https:\/\/www.primopianogallery.com\/en\/provenienza-artisti-origine-italia-europa-asia-america\/europa\/attardi-massimo\/\">Massimo Attardi<\/a>, <a href=\"https:\/\/www.primopianogallery.com\/en\/provenienza-artisti-origine-italia-europa-asia-america\/europa\/arena-francesco\/\">Francesco Arena<\/a>,&nbsp; <a href=\"https:\/\/www.primopianogallery.com\/en\/provenienza-artisti-origine-italia-europa-asia-america\/europa\/campa-loredana\/\">Loredana Campa<\/a>,&nbsp; <a href=\"https:\/\/www.primopianogallery.com\/en\/product-category\/origin\/europa\/sardano-vito\/\">Vito Sardano<\/a>,&nbsp; <a href=\"https:\/\/www.primopianogallery.com\/en\/product-category\/origin\/europa\/passaro-alessandro\/\">Alessandro Passaro<\/a>, <a href=\"https:\/\/www.primopianogallery.com\/en\/provenienza-artisti-origine-italia-europa-asia-america\/europa\/consorti-paolo\/\">Paolo Consorti<\/a>, <a href=\"https:\/\/www.primopianogallery.com\/en\/provenienza-artisti-origine-italia-europa-asia-america\/europa\/de-gennaro-silvia\/\">Silvia De Gennaro<\/a>,&nbsp; <a href=\"https:\/\/www.primopianogallery.com\/en\/provenienza-artisti-origine-italia-europa-asia-america\/europa\/laraia-elisa\/\">Elisa Laraia<\/a>,&nbsp; <a href=\"https:\/\/www.primopianogallery.com\/en\/provenienza-artisti-origine-italia-europa-asia-america\/europa\/leo-donato-bruno\/\">D. Bruno Leo<\/a>, <a href=\"https:\/\/www.primopianogallery.com\/en\/product-category\/origin\/europa\/manieri-massimiliano\/\">Massimilino Manieri<\/a>,&nbsp; <a href=\"https:\/\/www.primopianogallery.com\/en\/product-category\/origin\/europa\/de-francisco-angelo\/\">Angelo De Francisco<\/a>,<a href=\"https:\/\/www.primopianogallery.com\/en\/product-category\/origin\/europa\/levo-rosenberg-margherita\/\">Margherita Levo Rosenberg<\/a>,&nbsp; <a href=\"https:\/\/www.primopianogallery.com\/en\/provenienza-artisti-origine-italia-europa-asia-america\/europa\/carabba-leonilde\/\">LeoNilde Carabba<\/a>, <a href=\"https:\/\/www.primopianogallery.com\/en\/provenienza-artisti-origine-italia-europa-asia-america\/europa\/de-nitto-angioletta\/\">Angioletta De Nitto<\/a>, <a href=\"https:\/\/www.primopianogallery.com\/en\/provenienza-artisti-origine-italia-europa-asia-america\/europa\/sacquegna-dores\/\">Dores Sacquegna&nbsp;<\/a><\/em><\/span><\/li>\n<\/ul>\n<p>&nbsp;<\/p>\n<ul>\n<li><span class=\"tlid-translation translation\"><strong>Artisti Internazionali: <\/strong><em>Amy Cohen Banker, <a href=\"https:\/\/www.primopianogallery.com\/shop\/medium\/scultura-2\/africa-woman-black-head\/\">Bikkel Artist<\/a>, Hyemi Cho, <a href=\"https:\/\/www.primopianogallery.com\/en\/product-category\/origin\/usa-north-america\/cornell-c-charles\/\">C. Charles Cornell<\/a>, Christie Goodwin, Patrick Cusse,&nbsp; <a href=\"https:\/\/www.primopianogallery.com\/en\/product-category\/origin\/europa\/syrakis_george2\/\">George Syrakis<\/a>, Fisher Joel Wellington, Alison Foshee, <a href=\"https:\/\/www.primopianogallery.com\/en\/product-category\/origin\/europa\/havadi_nagy2\/\">Stefan Havadi-Nagy<\/a>, Oscar Gillespie, <a href=\"https:\/\/www.primopianogallery.com\/en\/product-category\/origin\/europa\/moust_glenn\/\">Glenn Moust<\/a>,&nbsp; James Jean, Shilpa Joglekar,&nbsp; Kamalky Laureano, Guillaume Liffran, John Lorenzini,&nbsp; <a href=\"https:\/\/www.primopianogallery.com\/en\/provenienza-artisti-origine-italia-europa-asia-america\/europa\/hermann-nitsch\/\">Hermann Nitsch<\/a>, <a href=\"https:\/\/www.primopianogallery.com\/en\/provenienza-artisti-origine-italia-europa-asia-america\/usa-north-america\/longobardi-pam\/\">Pam Longobardi<\/a>,&nbsp;&nbsp; <a href=\"https:\/\/www.primopianogallery.com\/en\/product-category\/origin\/asia\/yee-ling-tang\/\">Yee-Ling Tang<\/a>,&nbsp;<\/em> <a href=\"https:\/\/www.primopianogallery.com\/en\/shop\/medium\/fotografia-2\/imperial-airship\/\"><em>Ny James<\/em><\/a> , <a href=\"https:\/\/www.primopianogallery.com\/en\/product-category\/origin\/asia\/zhaoyang-yu\/\"><em>Yu Zhaoyang&nbsp;<\/em><\/a><br \/>\n<\/span><\/li>\n<\/ul>\n<p>&nbsp;<\/p>\n<ul>\n<li><b>Artisti Orientali:<\/b>&nbsp;<em><a href=\"https:\/\/artscoops.com\/artist-details\/dogan-adnan\"><span class=\"desc\">Adnan Do\u011fan<\/span><\/a>, <a href=\"https:\/\/artscoops.com\/artist-details\/altinkurt-lale\"><span class=\"desc\">Lale Altinkurt<\/span><\/a>, <a href=\"https:\/\/artscoops.com\/artist-details\/fikry-ibrahim-george\"><span class=\"desc\">George Fikry Ibrahim<\/span><\/a>, <a href=\"https:\/\/artscoops.com\/artist-details\/yilmaz-meliha\"><span class=\"desc\">Meliha Y\u0131lmaz<\/span><\/a>, <a href=\"https:\/\/artscoops.com\/artist-details\/hatipoglu-filiz\"><span class=\"desc\">Filiz Hatipo\u011flu<\/span><\/a>, <a href=\"https:\/\/artscoops.com\/artist-details\/ozmen-dilek\"><span class=\"desc\">Dilek Ozmen<\/span><\/a>, <a href=\"https:\/\/artscoops.com\/artist-details\/ervardar-selimoglu-pinar\"><span class=\"desc\">Pinar Ervardar Selimo\u011flu<\/span><\/a>,<a href=\"https:\/\/artscoops.com\/artist-details\/sencicek-sinan\"><span class=\"desc\">Sinan \u015een\u00e7i\u00e7ek<\/span><\/a>, <a href=\"https:\/\/artscoops.com\/artist-details\/demir-bagatir-reyhan\"><span class=\"desc\">Reyhan Demir Ba\u011fat\u0131r, <\/span><\/a><a href=\"https:\/\/artscoops.com\/artist-details\/bozbiyik-hulya\">H\u00fclya Bozb\u0131y\u0131k, <\/a><a href=\"https:\/\/artscoops.com\/artist-details\/bakiri-yasemin-yenigun\"><span class=\"desc\">Yasemin Yenig\u00fcn Bakiri<\/span><\/a><a href=\"https:\/\/artscoops.com\/artist-details\/bozbiyik-hulya\">,&nbsp;<\/a><\/em><em><a href=\"https:\/\/artscoops.com\/artist-details\/kadioglu-sevdiye\"><span class=\"desc\">Sevdiye Kad\u0131o\u011flu<\/span><\/a>, <a href=\"https:\/\/artscoops.com\/artist-details\/mentesoglu-cigdem\"><span class=\"desc\">\u00c7i\u011fdem Mente\u015fo\u011flu<\/span><\/a>, <a href=\"https:\/\/artscoops.com\/artist-details\/soylemez-meltem\"><span class=\"desc\">Meltem S\u00f6ylemez<\/span><\/a><\/em><\/li>\n<\/ul>\n<p>&nbsp;<\/p>\n<\/div>\n<\/div>\n<\/div>\n<p>&nbsp;<\/p>","protected":false},"excerpt":{"rendered":"<p class=\"qtranxs-available-languages-message qtranxs-available-languages-message-en\">Sorry, this entry is only available in <a href=\"https:\/\/www.primopianogallery.com\/it\/wp-json\/wp\/v2\/pages\/14775\" class=\"qtranxs-available-language-link qtranxs-available-language-link-it\" title=\"Italiano\">Italiano<\/a>.<\/p>\n","protected":false},"author":12,"featured_media":0,"parent":0,"menu_order":0,"comment_status":"closed","ping_status":"closed","template":"","meta":{"ngg_post_thumbnail":0,"footnotes":""},"class_list":["post-14775","page","type-page","status-publish","hentry"],"_links":{"self":[{"href":"https:\/\/www.primopianogallery.com\/en\/wp-json\/wp\/v2\/pages\/14775","targetHints":{"allow":["GET"]}}],"collection":[{"href":"https:\/\/www.primopianogallery.com\/en\/wp-json\/wp\/v2\/pages"}],"about":[{"href":"https:\/\/www.primopianogallery.com\/en\/wp-json\/wp\/v2\/types\/page"}],"author":[{"embeddable":true,"href":"https:\/\/www.primopianogallery.com\/en\/wp-json\/wp\/v2\/users\/12"}],"replies":[{"embeddable":true,"href":"https:\/\/www.primopianogallery.com\/en\/wp-json\/wp\/v2\/comments?post=14775"}],"version-history":[{"count":8,"href":"https:\/\/www.primopianogallery.com\/en\/wp-json\/wp\/v2\/pages\/14775\/revisions"}],"predecessor-version":[{"id":23388,"href":"https:\/\/www.primopianogallery.com\/en\/wp-json\/wp\/v2\/pages\/14775\/revisions\/23388"}],"wp:attachment":[{"href":"https:\/\/www.primopianogallery.com\/en\/wp-json\/wp\/v2\/media?parent=14775"}],"curies":[{"name":"wp","href":"https:\/\/api.w.org\/{rel}","templated":true}]}}