{"id":15159,"date":"2017-08-13T22:24:39","date_gmt":"2017-08-13T20:24:39","guid":{"rendered":"http:\/\/www.primopianogallery.com\/?page_id=15159"},"modified":"2017-08-14T10:42:45","modified_gmt":"2017-08-14T08:42:45","slug":"analisi-del-coefficiente","status":"publish","type":"page","link":"https:\/\/www.primopianogallery.com\/en\/servizi\/analisi-del-coefficiente\/","title":{"rendered":"Expertize Coefficient"},"content":{"rendered":"<p><span id=\"result_box\" class=\"\" lang=\"en\"><span title=\"Lo studio comparativo del coefficiente artistico o quotazione delle opere d'arte di un artista \u00e8 un'analisi che si rende necessaria nel momento in cui si vuole conoscere con esattezza il valore delle proprie opere, sia ai fini commerciali (cio\u00e8 di opere destinate alla vendita\">The comparative study of the artistic coefficient or quotation of an artist&#8217;s artwork is an analysis that is needed when it is necessary to know precisely the value of yours works, both for commercial purposes (ie works for sale <\/span><span title=\"), sia per fini conoscitivi ( conoscenza del valore della propria collezione). \">), both for cognitive purposes (knowledge of the value of yours collection).<br \/>\n<\/span><span title=\"Lo studio di attribuzione del coefficiente pu\u00f2 essere realizzato da parte di un perito o di un curatore che ha esperienza professionale in questo settore e si basa sui seguenti paramentri: \">The coefficient allocation study can be carried out by an expert or curator who has professional experience in this field and is based on the following principles:<br \/>\n<\/span><span title=\"-CV \">-CV<br \/>\n<\/span><span title=\"- Anno di produzione \">&#8211; Production year<br \/>\n<\/span><span title=\"- Tecnica \">&#8211; Technique<br \/>\n<\/span><span title=\"-Misura \">-Measure<br \/>\n<\/span><span title=\"-Condizioni \">-Conditions<br \/>\n<\/span><span title=\"-Corrispondenza cronologica \">&#8211; Chronological correspondence<br \/>\n<\/span><span title=\"-Firma \">-Signature<br \/>\n<\/span><span title=\"- Ricognizione artistica e iconografica \">&#8211; Artistic and iconographic reconnaissance<br \/>\n<\/span><span title=\"-Ricerca storica (nel caso di artisti del passato o storicizzati) \">&#8211; Historical search (in the case of past or historian artists)<br \/>\n<\/span><span title=\"- Autenticit\u00e0 \">&#8211; Authenticity<br \/>\n<\/span><span title=\"-Rarit\u00e0 \">-Rarity<br \/>\n<\/span><span title=\"- Stima del valore di mercato \">&#8211; Estimate of market value<br \/>\n<\/span><span title=\"-Stima del valore intrinseco \">-String of intrinsic value<br \/>\n<\/span><span title=\"- Aggiudicazioni d'Asta \">&#8211; Auction Houses<br \/>\n<\/span><span title=\"-Pubblicazioni \">-Publications<br \/>\n<\/span><span title=\"- Condizioni di offerta \">&#8211; Terms of Offer<br \/>\n<\/span><span title=\"-Valutazione del rischio \">-Risk assessment<br \/>\n<\/span><span title=\"e molto altro ancora. \">and much more.<\/span><\/span><\/p>\n<p><span title=\"Lo studio consente, attraverso un'analisi attenta di conoscere il coefficiente di storicit\u00e0 ( inizio attivit\u00e0 ) e quello attuale ( annuo).\">The study allows a careful analysis of the historicity (startup) and current (annual) coefficient. <\/span><span title=\"Questo studio \u00e8 adatto sia per artisti contemporanei, che storicizzati ( o non viventi).\">This studio is suitable for both contemporary and historical (or non-living) artists. <\/span><span title=\"La perizia viene eseguita con schede tecniche diversificate per genere, tecnica, anno, etc.\">The exam is carried out with different technical datasheets by gender, technique, year, etc. This <\/span><span title=\"e ha validit\u00e0 a vita ( per quanto riguarda la storicit\u00e0) mentre \u00e8 annuale con rinnovo ogni due anni ( per artisti contemporanei o per commemorazioni storiche di artisti non pi\u00f9 viventi). \">is valid for life (as far as historicity is concerned), while it is annually renewed every two years (for contemporary artists or for historical memories of non-living artists).<\/span><\/p>\n<p><span title=\"Tempistica perizia: 15-20 giorni dalla consegna del materiale \">Timing: 15-20 days after delivery of the material<\/span><\/p>\n<p><span title=\"Certificazioni: a norma di legge \">Certifications: according to law<\/span><\/p>\n<p><span title=\"Rinnovi: ogni due anni \">Renewals: every two years<\/span><\/p>\n<p><span title=\"In allegato alla perizia un esempio per calcolare il coefficiente delle opere periziate autonomamente \">Attached to the exam an example to calculate the coefficient by yourself<\/span><\/p>\n<p><span title=\"Info: primopianoexpertize@gmail.com\">Info costs: primopianoexpertize@gmail.com<\/span><\/p>","protected":false},"excerpt":{"rendered":"<p>The comparative study of the artistic coefficient or quotation of an artist&#8217;s artwork is an analysis that is needed when it is necessary to know precisely the value of yours works, both for commercial purposes (ie works for sale ), both for cognitive purposes (knowledge of the value of yours collection). The coefficient allocation study [&hellip;]<\/p>\n","protected":false},"author":12,"featured_media":0,"parent":5699,"menu_order":0,"comment_status":"closed","ping_status":"closed","template":"","meta":{"ngg_post_thumbnail":0,"footnotes":""},"class_list":["post-15159","page","type-page","status-publish","hentry"],"_links":{"self":[{"href":"https:\/\/www.primopianogallery.com\/en\/wp-json\/wp\/v2\/pages\/15159","targetHints":{"allow":["GET"]}}],"collection":[{"href":"https:\/\/www.primopianogallery.com\/en\/wp-json\/wp\/v2\/pages"}],"about":[{"href":"https:\/\/www.primopianogallery.com\/en\/wp-json\/wp\/v2\/types\/page"}],"author":[{"embeddable":true,"href":"https:\/\/www.primopianogallery.com\/en\/wp-json\/wp\/v2\/users\/12"}],"replies":[{"embeddable":true,"href":"https:\/\/www.primopianogallery.com\/en\/wp-json\/wp\/v2\/comments?post=15159"}],"version-history":[{"count":0,"href":"https:\/\/www.primopianogallery.com\/en\/wp-json\/wp\/v2\/pages\/15159\/revisions"}],"up":[{"embeddable":true,"href":"https:\/\/www.primopianogallery.com\/en\/wp-json\/wp\/v2\/pages\/5699"}],"wp:attachment":[{"href":"https:\/\/www.primopianogallery.com\/en\/wp-json\/wp\/v2\/media?parent=15159"}],"curies":[{"name":"wp","href":"https:\/\/api.w.org\/{rel}","templated":true}]}}