{"id":16140,"date":"2019-08-20T17:09:47","date_gmt":"2019-08-20T15:09:47","guid":{"rendered":"https:\/\/www.primopianogallery.com\/?page_id=16140"},"modified":"2021-11-07T12:27:19","modified_gmt":"2021-11-07T11:27:19","slug":"artisti","status":"publish","type":"page","link":"https:\/\/www.primopianogallery.com\/en\/artisti\/","title":{"rendered":"Artists"},"content":{"rendered":"<p><span class=\"tlid-translation translation\"><span title=\"\">We worked and collect many work by Italian and worldwide artists.&nbsp; <\/span><span title=\"\">Some examples:<\/span><\/span><\/p>\n<p><span class=\"tlid-translation translation\"><strong>Latin Americans Contemporary Artists:<\/strong><\/span><\/p>\n<p>Carlos ANZOLA | Astolfo FUNES | Alberto RIERA |&nbsp; Jos\u00e8 CORONEL ORTEGA | Kamalky LAUREANO | Bela LIMENES | Teresa OLABUENAGA | Katiuska GONZALES and more.<\/p>\n<p><span class=\"tlid-translation translation\">&nbsp;<\/span><span class=\"tlid-translation translation\"><strong>Italian Modern &amp; Contemporary Artists <\/strong><\/span><\/p>\n<p>Massimo ATTARDI | Francesco ARENA | Vanessa BEECROFT | Luigi CAIFFA&nbsp; | Alessandro PASSARO | Paolo CONSORTI | Emilio GRECO | Ezechiele LEANDRO | Liliana EBALGINELLI | Luisa ELIA | Elisa LARAIA | Iginio IURILLI | Luisa RAFFAELLI | Salvatore SAVA| Massimiliano MANIERI | Donato Bruno LEO | Angelo DE FRANCISCO | Francesco SCHIAVULLI | Margherita LEVO ROSENBERG | LeoNilde CARABBA | Goffredo TRIFIRO\u2019 | Gino FOSSALI | Angioletta DE NITTO | Dores SACQUEGNA | STREET ART SOUTH ITALY and more<\/p>\n<p><span class=\"tlid-translation translation\"><strong>European Modern &amp; Contemporary artists: <\/strong><\/span><\/p>\n<p>Caterina ANNOVAZZI | BIKKEL ARTIST | Sandra DETOURBET | Alexandra DE PINHO | Shepard FAIREY | Thomas HODGE | Piers HENRIOT | Guillaume LIFFRAN | Gabriela MORAWETZ | Hermann NITSCH | Jean-Paul PARISEAU | Fisher Joel WELLINGTON | Agnes THOR and more<\/p>\n<p><span class=\"tlid-translation translation\"><strong>American Modern &amp; Contemporary artists:<\/strong>&nbsp;<\/span><\/p>\n<p>Pam LONGOBARDI | Doug BAIRD | Amy COHEN BANKER | Richard CERI | Christo and Jeanne-Claude | Linda COLLNETT | Patrick CUSSE | Christie GOODWIN | Marthe KELLER&nbsp; | Megan HEDLEY | Steve JOHNSTON | John LORENZINI | Patrick MITCH | Carl Michael PASCUZZI | Erik PELKA | Joan PROUDMAN | Christine SAJECKI | Jen SLOAN | Anthony TREMMAGLIA | Laura VICTORE | Frank WILLIAMS and more<\/p>\n<p><span class=\"tlid-translation translation\"><strong><em>&nbsp;<\/em><\/strong><\/span><strong>Middle East Artists:<\/strong><\/p>\n<p>G\u00f6n\u00fcl NUHO\u011eLU | Adnan DOGAN | George FIKRY IBRAHIM | Meliha YILMAZ | Reyan Demir BA\u011eATIR and many more<\/p>\n<p><strong>Asiatic Contemporary Artists:<\/strong><\/p>\n<p>Pey-Chwen LIN | Xiao LU | Hyemi CHO | Motoko HUYSVELD | Na KIM | Hye Su LEE| Yee-Ling TANG | Jean JAMES | Ny JAMES | Ni JINGCHEN | Soh Ee SHAUN | Rie SUDO | Jooyeon Judy YANG | Adam Hongshan WEI | Yu ZHAOYANG | Motohiko HASUI and many more<\/p>\n<p><span class=\"tlid-translation translation\"><strong>More worldwide artists:&nbsp;<\/strong> <\/span><\/p>\n<p><span class=\"tlid-translation translation\">Shilpa JOGLEKAR | Vesna JOVANOVIC | Ilgvars ZALANS | Milena POPOVIC and many more<em><br \/>\n<\/em><\/span><\/p>\n<p><span class=\"tlid-translation translation\"><em>&nbsp;<\/em><\/span><span class=\"tlid-translation translation\"><strong>Video Artists:<\/strong><\/span><\/p>\n<p>AES+F GROUP | Beatriz ALBURBEQUE | ARENA-CORPICRUDI | Oreet ASHERY | Sarah CIRAC\u00cc | Paolo CONSORTI | Giuliana CUNEAZ | Floria SIGISMONDI | GRUPPO SINESTETICO | Pamela GOLDEN | Susan JENNINGS | Philomene LONGPR\u00c8 | Ugo NESPOLO | Erwin OLAF |&nbsp; Bill VIOLA |&nbsp; Karl NUSSBAUM | ORLAN | Allison RENTZ | Scott SNIBBE | Torschen FLEISH | Kimiko YOSHIDA | Gary HILL | Vito ACCONCI | Hermann NITSCH | Hugo ARCIER&nbsp; | Eugenio RECUENCO and many more\u2026<\/p>\n<p><strong><span class=\"tlid-translation translation\">Ex Libris,&nbsp; 20th and 19th century and also even older engravings by<\/span><\/strong><\/p>\n<p><em>&nbsp;<\/em>Josef MANES |Emmerich Alois HRU\u0160KA | Dagmar BERKOV\u01cd | Alfred FUCHS | Josef HER\u010cIK |Jaroslav CHUDOMEL | Ladislav KA\u0160PAR | Franti\u0161ek PETERKA | Ruda \u0160V\u01cdB | Ji\u0159i \u0160VENGSBIR | Helmut ACKERMANN | Ellen BECK | J\u01dcrgen DOST | Rudolf GROBE | Rudolf KOCH | Friedrich RASMUS | Siegmund SOS | Rudolf WARNECKEE | UKIYOE Artists and ma<\/p>\n<p><strong>FORMULA<\/strong><\/p>\n<p><a href=\"https:\/\/www.primopianogallery.com\/en\/collezione\/prestito\/\">Loan Formula<\/a><\/p>\n<p><a href=\"https:\/\/www.primopianogallery.com\/en\/collezione\/affitto-opere\/\">Art for Lease<\/a><\/p>\n<p><a href=\"https:\/\/www.primopianogallery.com\/en\/product-category\/shop-online\/offerte\/\">Offer-Store<\/a><\/p>\n<ul><\/ul>\n<p>&nbsp;<\/p>","protected":false},"excerpt":{"rendered":"<p>We worked and collect many work by Italian and worldwide artists.&nbsp; Some examples: Latin Americans Contemporary Artists: Carlos ANZOLA | Astolfo FUNES | Alberto RIERA |&nbsp; Jos\u00e8 CORONEL ORTEGA | Kamalky LAUREANO | Bela LIMENES | Teresa OLABUENAGA | Katiuska GONZALES and more. &nbsp;Italian Modern &amp; Contemporary Artists Massimo ATTARDI | Francesco ARENA | Vanessa [&hellip;]<\/p>\n","protected":false},"author":12,"featured_media":0,"parent":0,"menu_order":0,"comment_status":"closed","ping_status":"closed","template":"","meta":{"ngg_post_thumbnail":0,"footnotes":""},"class_list":["post-16140","page","type-page","status-publish","hentry"],"_links":{"self":[{"href":"https:\/\/www.primopianogallery.com\/en\/wp-json\/wp\/v2\/pages\/16140","targetHints":{"allow":["GET"]}}],"collection":[{"href":"https:\/\/www.primopianogallery.com\/en\/wp-json\/wp\/v2\/pages"}],"about":[{"href":"https:\/\/www.primopianogallery.com\/en\/wp-json\/wp\/v2\/types\/page"}],"author":[{"embeddable":true,"href":"https:\/\/www.primopianogallery.com\/en\/wp-json\/wp\/v2\/users\/12"}],"replies":[{"embeddable":true,"href":"https:\/\/www.primopianogallery.com\/en\/wp-json\/wp\/v2\/comments?post=16140"}],"version-history":[{"count":14,"href":"https:\/\/www.primopianogallery.com\/en\/wp-json\/wp\/v2\/pages\/16140\/revisions"}],"predecessor-version":[{"id":23392,"href":"https:\/\/www.primopianogallery.com\/en\/wp-json\/wp\/v2\/pages\/16140\/revisions\/23392"}],"wp:attachment":[{"href":"https:\/\/www.primopianogallery.com\/en\/wp-json\/wp\/v2\/media?parent=16140"}],"curies":[{"name":"wp","href":"https:\/\/api.w.org\/{rel}","templated":true}]}}