{"id":6772,"date":"2014-06-14T01:31:32","date_gmt":"2014-06-13T23:31:32","guid":{"rendered":"http:\/\/primopianogallery.com\/?page_id=6772"},"modified":"2018-03-17T13:01:32","modified_gmt":"2018-03-17T12:01:32","slug":"funes-astolfo","status":"publish","type":"page","link":"https:\/\/www.primopianogallery.com\/en\/provenienza-artisti-origine-italia-europa-asia-america\/america-latina\/funes-astolfo\/","title":{"rendered":"FUNES Astolfo"},"content":{"rendered":"<p><img loading=\"lazy\" decoding=\"async\" class=\"alignnone size-full wp-image-7629\" src=\"https:\/\/primopianogallery.com\/wp-content\/uploads\/2014\/06\/FUNES.jpg\" alt=\"FUNES\" width=\"41\" height=\"100\" \/><\/p>\n<p>Biography<\/p>\n<p>Astolfo Funes born in 1973 in Maracay , Venezuela, where he lives and works.<\/p>\n<p>SELECTED SOLO SHOW<\/p>\n<p>2010. En Blanco. Solar, East Hampton, NY, USA<\/p>\n<p>2009.Mujeres, Galeria Artepuy Caracas.<\/p>\n<p>2008. Historias de vida\u201d Primo Piano Linving Gallery Lecce Italia.<\/p>\n<p>2007:\u201cMala Vida\u201d, Solar, East Hampton, Ny, Usa;<\/p>\n<p>2006: \u201cEllas\u201d, Arte Tepuy, Caracas, Venezuela;<\/p>\n<p>2004: \u201cLiving In The Hamptons\u201d, Solar, East Hampton, Ny, Usa;<\/p>\n<p>SELECTED COLLECTIONS<\/p>\n<p>Museo De Arte Contempor\u00e1neo, Maracay, Venezuela;<\/p>\n<p>Solar, East Hampton, New York;<\/p>\n<p>American Art Promotion, Paris;<\/p>\n<p>Fundacion Nelson Sanchez Chapellin<\/p>\n<p>Collezioni private in Usa, Francia, Venezuela, Italia.<\/p>\n<p>SELECTED RECENT GROUP SHOWS<\/p>\n<p>2011.<\/p>\n<p>Giant-Beyside, Public Art Collection, Miami, Usa<\/p>\n<p>Latinamente, Piano Piano LivinGallery, Lecce, Italy<\/p>\n<p>Colectiva Gallery Cafeina wynn wood Miami Florida<\/p>\n<p>Colectiva B2 art. At the wgf Gallery\u00a0 15 east 27 st New York Il Mercante di Sogni Show\u201d, Primo Piano LivinGallery, Italy.<\/p>\n<p>2010<\/p>\n<p>Exposicion de jovenes para jovenes, Galeria Templarios Caracas;<\/p>\n<p>Cadavr Exquis Show, Primo Piano LivinGallery Lecce.<\/p>\n<p>Exposicion de jovenes para jovenes, Galeria Templarios Caracas;<\/p>\n<p>Exposicion de papel. Galeria Extracto Caracas;<\/p>\n<p>14 propuestas , galeria Rosa Blanco Maracaibo venezuela;<\/p>\n<p>Retrato.galeria GBG ARTS. Caracas;\u00a0\u00a0\u00a0\u00a0\u00a0\u00a0\u00a0\u00a0\u00a0\u00a0\u00a0\u00a0\u00a0\u00a0\u00a0\u00a0\u00a0\u00a0\u00a0\u00a0\u00a0\u00a0\u00a0\u00a0\u00a0\u00a0\u00a0\u00a0\u00a0\u00a0\u00a0\u00a0\u00a0\u00a0\u00a0\u00a0\u00a0\u00a0\u00a0\u00a0\u00a0\u00a0\u00a0\u00a0\u00a0\u00a0\u00a0 Khromatone, Bartolome Sanchez &#038;Belen Desing, New York;<\/p>\n<p>Colectiva de verano Galeria Artepuy. Caracas;\u00a0\u00a0\u00a0\u00a0\u00a0\u00a0\u00a0\u00a0\u00a0\u00a0\u00a0\u00a0\u00a0\u00a0\u00a0\u00a0\u00a0\u00a0\u00a0\u00a0\u00a0\u00a0\u00a0\u00a0\u00a0\u00a0\u00a0\u00a0\u00a0\u00a0\u00a0\u00a0\u00a0\u00a0\u00a0\u00a0\u00a0\u00a0\u00a0\u00a0\u00a0 Apocriphae\u00a0 visins\u00a0 of the sacred and profane, New York.<\/p>\n<p>2009<\/p>\n<p>De Venezuela a Barranquilla. Cinco artistas latinoamericanos, Bibloteca Piloto del Caribe;. FIA Art Fair, Caracas,galeria Artepuy; Bienal Miguel Otero Silva Galeria de arte Ascaso; 5ta Bienal Maracaibo;<\/p>\n<p>Mesa para cuatro, Primo Piano LivinGallery Lecce.<\/p>\n<p>2008<\/p>\n<p>Miami Beach Convention Center;33 Sal\u00f3n Nacional de Arte Aragua Mario Abreu<\/p>\n<p>AWARD ANDD AKNOWLEDGMENT<\/p>\n<p>1993. 2do. Premio, Sal\u00f3n Cultural Tinaquillo-Edo. Cojedes.<\/p>\n<p>1994. Premio Dr. Pedro Hinojosa. Fundaci\u00f3n Cultural Tinaquillo-Edo. Cojedes.<\/p>\n<p>1995. 2do. Premio de pintura conservacionista. Valencia.-Edo. Carabobo.<\/p>\n<p>1995. Premio exposici\u00f3n itinerante. Fundaci\u00f3n Festivales del Cabriales.Valencia-Edo. Carabobo.<\/p>\n<p>1996. Premio participaci\u00f3n para el almanaque de la Fundaci\u00f3n Festivales del Cabriales. Valencia-Edo; Premio Formato Libre, XXI Sal\u00f3n Municipal de pintura. Galer\u00eda de Arte Municipal. Maracay-Edo. Aragua.<\/p>\n<p>2002. Menci\u00f3n honor\u00edfica, XXVI Sal\u00f3n Nacional de Arte Aragua. Museo de Arte Contempor\u00e1neo \u201cMario Abreu\u201d Maracay-Edo. Aragua.<\/p>\n<p>2003\u00a0 1\u00b0 Premio de Pintura, Concurso de pintura al aire libre; Ferias de Maracay, 70 a\u00f1os de la maestranza C\u00e9sar Gir\u00f3n. Maracay-Edo. Aragua; Premio Municipal de Pintura .XXIII Sal\u00f3n Municipal de Maracay. \u201cLeda y el Gallo.\u201d<\/p>\n<p>2004 Menci\u00f3n especial sal\u00f3n Luis Alfredo L\u00f3pez M\u00e9ndez. Galer\u00eda Santa Paula. \u201cMamas.com\u201d<\/p>\n<p>2005\u00a0 Premio H\u00e9ctor Poleo III Sal\u00f3n Exxon Mobil Caracas<\/p>\n<p>2005. Primer Premio H\u00e9ctor Poleo. V Sal\u00f3n Exxon Mobil de Venezuela, MBA, Caracas (2005).<\/p>\n<p>2007. Mencion Honorifica Salon Carupano 2007,<\/p>\n<p>Premio Eduardo Sifonte Bienal Puerto la Cruz<\/p>\n<p>2008 Premio joven Armando Reveron AVAP 2008 (10 de mayo dia del artista plastico.<\/p>\n<p>RAPPRESENTED BY<\/p>\n<p>&#8211; Primo Piano Living Gallery Lecce Italia.<\/p>\n<p>&#8211; Artsolar Gallery, New York-USA.<\/p>\n<p>&#8211; American Art Promotion, Paris-Francia.<\/p>\n<p>_ Galeria Artepuy, Caracas.<\/p>\n<p>complete C.V. upon request<\/p>\n<hr \/>\n<p>\u00a0<\/p>\n<p>[product_category category=&#8221;funes-astolfo&#8221; per_page=&#8221;12&#8243; columns=&#8221;4&#8243; orderby=&#8221;date&#8221; order=&#8221;desc&#8221;]<\/p>","protected":false},"excerpt":{"rendered":"<p>Biography Astolfo Funes born in 1973 in Maracay , Venezuela, where he lives and works. SELECTED SOLO SHOW 2010. En Blanco. Solar, East Hampton, NY, USA 2009.Mujeres, Galeria Artepuy Caracas. 2008. Historias de vida\u201d Primo Piano Linving Gallery Lecce Italia. 2007:\u201cMala Vida\u201d, Solar, East Hampton, Ny, Usa; 2006: \u201cEllas\u201d, Arte Tepuy, Caracas, Venezuela; 2004: \u201cLiving [&hellip;]<\/p>\n","protected":false},"author":1,"featured_media":0,"parent":13712,"menu_order":0,"comment_status":"closed","ping_status":"open","template":"","meta":{"ngg_post_thumbnail":0,"footnotes":""},"class_list":["post-6772","page","type-page","status-publish","hentry"],"_links":{"self":[{"href":"https:\/\/www.primopianogallery.com\/en\/wp-json\/wp\/v2\/pages\/6772","targetHints":{"allow":["GET"]}}],"collection":[{"href":"https:\/\/www.primopianogallery.com\/en\/wp-json\/wp\/v2\/pages"}],"about":[{"href":"https:\/\/www.primopianogallery.com\/en\/wp-json\/wp\/v2\/types\/page"}],"author":[{"embeddable":true,"href":"https:\/\/www.primopianogallery.com\/en\/wp-json\/wp\/v2\/users\/1"}],"replies":[{"embeddable":true,"href":"https:\/\/www.primopianogallery.com\/en\/wp-json\/wp\/v2\/comments?post=6772"}],"version-history":[{"count":0,"href":"https:\/\/www.primopianogallery.com\/en\/wp-json\/wp\/v2\/pages\/6772\/revisions"}],"up":[{"embeddable":true,"href":"https:\/\/www.primopianogallery.com\/en\/wp-json\/wp\/v2\/pages\/13712"}],"wp:attachment":[{"href":"https:\/\/www.primopianogallery.com\/en\/wp-json\/wp\/v2\/media?parent=6772"}],"curies":[{"name":"wp","href":"https:\/\/api.w.org\/{rel}","templated":true}]}}