{"id":6774,"date":"2014-06-14T01:33:11","date_gmt":"2014-06-13T23:33:11","guid":{"rendered":"http:\/\/primopianogallery.com\/?page_id=6774"},"modified":"2018-03-17T13:01:37","modified_gmt":"2018-03-17T12:01:37","slug":"riera-alberto","status":"publish","type":"page","link":"https:\/\/www.primopianogallery.com\/en\/provenienza-artisti-origine-italia-europa-asia-america\/america-latina\/riera-alberto\/","title":{"rendered":"RIERA Alberto"},"content":{"rendered":"<p><img loading=\"lazy\" decoding=\"async\" class=\"alignnone size-full wp-image-7654\" src=\"https:\/\/primopianogallery.com\/wp-content\/uploads\/2014\/06\/RIERA_19.jpg\" alt=\"RIERA_(19)\" width=\"67\" height=\"100\" \/><\/p>\n<p>Biografia<\/p>\n<p>Alberto Riera is a contemporary Latin America artist, born in 1978 in Barquisimeto, Venezuela, who now resides in New York city. Alberto studied in the Art Students League and School of Visual Arts of New York city in 1998 and 1999. Alberto is known for the simplicity in his stroke, which is made with an energy that seems to be random, but doesn\u2019t neglect detail, stain, overlaps, stripe, dripping or mixture.<\/p>\n<p>STUDIES:<\/p>\n<p>conducts studies of perception and composition at the school of Visual Arts \u201cMartin Tovar y Tovar\u201d in his hometown. Then, he traveled to New York City, where he studied painting with the artist \u201cElba Damast\u201d and the Art Students League in the same city.<\/p>\n<p>SELECTED AND RECENTS SOLO SHOWS:<\/p>\n<p>2009<\/p>\n<p>Areas Artis Gallery \u201cContinentes\u201d Sao Paulo \u2013 Brasil.<\/p>\n<p>2006<\/p>\n<p>Fundaci\u00f3n Juan Carmona. Diario El Impulso. Lara,Venezuela<\/p>\n<p>2005<\/p>\n<p>&#8216;LANDSCAPE ARTSHOW&#8221; Connecticut State. U.S.A.<\/p>\n<p>2004<\/p>\n<p>D&#8217;MUSEO Gallery. Caracas, Venezuela.<\/p>\n<p>SELECTED AND RECENTS GROUP SHOWS:<\/p>\n<p>2010<\/p>\n<p>Feria Iberoamericana de Arte (F.I.A) Caracas, Venezuela.<\/p>\n<p>2009<\/p>\n<p>Mesa para cuatro &#8211; Primopiano Gallery Lecce Italy;I Bienal de Arte \u201cMiguel Otero Silva\u201d (MOS) Galeria de Arte Ascaso Caracas Venezuela.<\/p>\n<p>&#8211; Feria Iberoamericana de Arte (F.I.A) Caracas, Venezuela<\/p>\n<p>&#8211; VI Euro Americana de Artes Visuales, Campeche \u2013 Mexico<\/p>\n<p>&#8211; V Bienal de Artes Visuales \u201cCiudad de Maracaibo\u201d Museo de Arte Contemporaneo del Zulia. Maracaibo &#8211; Edo. Zulia.Venezuela.<\/p>\n<p>&#8211; Feria Internacional de Arte y Antig\u00fcedades de Maracaibo. (FIAAM).Maracaibo. Edo. Zulia.<\/p>\n<p>2008<\/p>\n<p>Feria iberoamericana de Arte (F.I.A) Caracas, Venezuela<\/p>\n<p>\u2013 I Sal\u00f3n Nacional de Arte \u201cPlaneta Tierra \u201cMuseo de Arte contempor\u00e1neo Carmelo Fern\u00e1ndez. San Felipe Edo. Yaracuy.<\/p>\n<p>\u2013 LXIV Sal\u00f3n de Arte \u201cArturo Michelena \u201cAteneo de Valencia.<\/p>\n<p>Valencia Edo. Carabobo.<\/p>\n<p>\u2013 V Sal\u00f3n Regional \u201cEdgar Gim\u00e9nez Peraza \u201c. Museo de Arte Contempor\u00e1neo Carmelo Fern\u00e1ndez. San Felipe Edo Yaracuy.<\/p>\n<p>\u2013 XIV Bienal de Artes Visuales Churuguara. Ateneo de Churuguara. Edo. Falc\u00f3n.<\/p>\n<p>\u2013 Feria de Arte y Moda de Puerto Ordaz (FAMPOR). Puerto Ordaz, Estado Bol\u00edvar.<\/p>\n<p>\u2013 Feria Internacional de Arte y Antig\u00fcedades de Maracaibo. (FIAAM).Maracaibo. Edo. Zulia.<\/p>\n<p>&#8211; XXXIII Sal\u00f3n Nacional De Arte Aragua. Museo De Arte Contempor\u00e1neo Mario Abreu. Maracay Edo. Aragua.<\/p>\n<p>2007<\/p>\n<p>Feria Internacional de Arte Concresa. Caracas \u2013 Venezuela.<\/p>\n<p>I Sal\u00f3n de Arte Caron\u00ed. Museo de Arte Contempor\u00e1neo Alejandro Otero. Caracas. &#8211; Feria Iberoamericana de Arte (F.I.A). Caracas. &#8211; lll Sal\u00f3n de Arte Nacional &#8220;Ciudad de Coro&#8221;. Falc\u00f3n, Venezuela. &#8211; Altamira Suite, Caracas.<\/p>\n<p>AWARDS<\/p>\n<p>2010<\/p>\n<p>Grand Prix V Competition \u201cMaracaibo City\u201d. Museum Contemporary of Art Zulia. Zulia state \u2013 Venezuela.<\/p>\n<p>2009<\/p>\n<p>Grand Prix \u201cAVAP\u201d. Asociaci\u00f3n Venezolana de Artistas Pl\u00e1sticos. Caracas &#8211; Venezuela.<\/p>\n<p>VI EuroAmericana of Visual Arts , Campeche state \u2013 Mexico.<\/p>\n<p>2008<\/p>\n<p>Grand Prix Aragua National Exhibition. Museum Contemporary of Art Mario Abreu, Aragua state \u2013 Venezuela.<\/p>\n<p>Grand Prix National Exhibition \u201cEarth Planet\u201d Museum Contemporary of Art Carmelo Fernandez, San Felipe Yaracuy state \u2013 Venezuela.<\/p>\n<p>Grand Prix Biennale of Visual Arts Churuguara, ateneo de Churuguara Falc\u00f3n state \u2013 Venezuela.<\/p>\n<p>Gold Medal at the young Artist of Lara State &#8211; Venezuela<\/p>\n<p>2007<\/p>\n<p>1st Prize for Painting \u201cCoro City\u201d. Coro Museum of Art, Falc\u00f3n state \u2013 Venezuela.<\/p>\n<p>2006<\/p>\n<p>Honorable Mention. National exhibition of Painting \u201cGuanare City\u201d, Portuguesa state \u2013 Venezuela.<\/p>\n<p>2004<\/p>\n<p>Gold Medal at the young Artist of Lara State \u2013 Venezuela.<\/p>\n<p>2003<\/p>\n<p>3rd Prize \u201cCamillo Pizarro\u201d. III Competition Exxon Mobil, National Art gallery, Caracas \u2013 Venezuela.<\/p>\n<p>&#8211; 2nd Prize XIII National Art Exhibition \u201cCarmelo Fernandez\u201d Museum Contemporary of Art San Felipe, Yaracuy state \u2013 Venezuela.<\/p>\n<p>C.V. completo su richiesta<\/p>\n<hr \/>\n<p>&nbsp;<\/p>\n<p>[product_category category=&#8221;reira-alberto&#8221; per_page=&#8221;12&#8243; columns=&#8221;4&#8243; orderby=&#8221;date&#8221; order=&#8221;desc&#8221;]<\/p>","protected":false},"excerpt":{"rendered":"<p>Biografia Alberto Riera is a contemporary Latin America artist, born in 1978 in Barquisimeto, Venezuela, who now resides in New York city. Alberto studied in the Art Students League and School of Visual Arts of New York city in 1998 and 1999. Alberto is known for the simplicity in his stroke, which is made with [&hellip;]<\/p>\n","protected":false},"author":1,"featured_media":0,"parent":13712,"menu_order":0,"comment_status":"closed","ping_status":"open","template":"","meta":{"ngg_post_thumbnail":0,"footnotes":""},"class_list":["post-6774","page","type-page","status-publish","hentry"],"_links":{"self":[{"href":"https:\/\/www.primopianogallery.com\/en\/wp-json\/wp\/v2\/pages\/6774","targetHints":{"allow":["GET"]}}],"collection":[{"href":"https:\/\/www.primopianogallery.com\/en\/wp-json\/wp\/v2\/pages"}],"about":[{"href":"https:\/\/www.primopianogallery.com\/en\/wp-json\/wp\/v2\/types\/page"}],"author":[{"embeddable":true,"href":"https:\/\/www.primopianogallery.com\/en\/wp-json\/wp\/v2\/users\/1"}],"replies":[{"embeddable":true,"href":"https:\/\/www.primopianogallery.com\/en\/wp-json\/wp\/v2\/comments?post=6774"}],"version-history":[{"count":0,"href":"https:\/\/www.primopianogallery.com\/en\/wp-json\/wp\/v2\/pages\/6774\/revisions"}],"up":[{"embeddable":true,"href":"https:\/\/www.primopianogallery.com\/en\/wp-json\/wp\/v2\/pages\/13712"}],"wp:attachment":[{"href":"https:\/\/www.primopianogallery.com\/en\/wp-json\/wp\/v2\/media?parent=6774"}],"curies":[{"name":"wp","href":"https:\/\/api.w.org\/{rel}","templated":true}]}}